{"id":10298,"date":"2025-04-23T11:20:54","date_gmt":"2025-04-23T09:20:54","guid":{"rendered":"https:\/\/www.rovedine.com\/?page_id=10298"},"modified":"2025-04-23T11:20:54","modified_gmt":"2025-04-23T09:20:54","slug":"golf-news","status":"publish","type":"page","link":"https:\/\/www.rovedine.com\/devendra\/golf-news\/","title":{"rendered":"Golf News"},"content":{"rendered":"","protected":false},"excerpt":{"rendered":"","protected":false},"author":12,"featured_media":0,"parent":0,"menu_order":0,"comment_status":"closed","ping_status":"closed","template":"","meta":{"footnotes":""},"categories":[],"class_list":["post-10298","page","type-page","status-publish","hentry"],"yoast_head":"<!-- This site is optimized with the Yoast SEO plugin v27.3 - https:\/\/yoast.com\/product\/yoast-seo-wordpress\/ -->\n<title>Golf Mania: Curiosit\u00e0, Notizie e Storie dal Green<\/title>\n<meta name=\"description\" content=\"Scopri articoli, curiosit\u00e0 e news dal mondo del golf: aggiornamenti, storie incredibili e tutto ci\u00f2 che rende unico questo sport!\" \/>\n<meta name=\"robots\" content=\"index, follow, max-snippet:-1, max-image-preview:large, max-video-preview:-1\" \/>\n<link rel=\"canonical\" href=\"https:\/\/www.rovedine.com\/devendra\/golf-news\/\" \/>\n<meta property=\"og:locale\" content=\"it_IT\" \/>\n<meta property=\"og:type\" content=\"article\" \/>\n<meta property=\"og:title\" content=\"Golf Mania: Curiosit\u00e0, Notizie e Storie dal Green\" \/>\n<meta property=\"og:description\" content=\"Scopri articoli, curiosit\u00e0 e news dal mondo del golf: aggiornamenti, storie incredibili e tutto ci\u00f2 che rende unico questo sport!\" \/>\n<meta property=\"og:url\" content=\"https:\/\/www.rovedine.com\/devendra\/golf-news\/\" \/>\n<meta property=\"og:site_name\" content=\"Rovedine\" \/>\n<meta name=\"twitter:card\" content=\"summary_large_image\" \/>\n<script type=\"application\/ld+json\" class=\"yoast-schema-graph\">{\"@context\":\"https:\\\/\\\/schema.org\",\"@graph\":[{\"@type\":\"WebPage\",\"@id\":\"https:\\\/\\\/www.rovedine.com\\\/devendra\\\/golf-news\\\/\",\"url\":\"https:\\\/\\\/www.rovedine.com\\\/devendra\\\/golf-news\\\/\",\"name\":\"Golf Mania: Curiosit\u00e0, Notizie e Storie dal Green\",\"isPartOf\":{\"@id\":\"https:\\\/\\\/www.rovedine.com\\\/devendra\\\/#website\"},\"datePublished\":\"2025-04-23T09:20:54+00:00\",\"description\":\"Scopri articoli, curiosit\u00e0 e news dal mondo del golf: aggiornamenti, storie incredibili e tutto ci\u00f2 che rende unico questo sport!\",\"breadcrumb\":{\"@id\":\"https:\\\/\\\/www.rovedine.com\\\/devendra\\\/golf-news\\\/#breadcrumb\"},\"inLanguage\":\"it-IT\",\"potentialAction\":[{\"@type\":\"ReadAction\",\"target\":[\"https:\\\/\\\/www.rovedine.com\\\/devendra\\\/golf-news\\\/\"]}]},{\"@type\":\"BreadcrumbList\",\"@id\":\"https:\\\/\\\/www.rovedine.com\\\/devendra\\\/golf-news\\\/#breadcrumb\",\"itemListElement\":[{\"@type\":\"ListItem\",\"position\":1,\"name\":\"Home\",\"item\":\"https:\\\/\\\/www.rovedine.com\\\/devendra\\\/\"},{\"@type\":\"ListItem\",\"position\":2,\"name\":\"Golf News\"}]},{\"@type\":\"WebSite\",\"@id\":\"https:\\\/\\\/www.rovedine.com\\\/devendra\\\/#website\",\"url\":\"https:\\\/\\\/www.rovedine.com\\\/devendra\\\/\",\"name\":\"Rovedine\",\"description\":\"Golf Club Milano - Your Passion, our Mission\",\"potentialAction\":[{\"@type\":\"SearchAction\",\"target\":{\"@type\":\"EntryPoint\",\"urlTemplate\":\"https:\\\/\\\/www.rovedine.com\\\/devendra\\\/?s={search_term_string}\"},\"query-input\":{\"@type\":\"PropertyValueSpecification\",\"valueRequired\":true,\"valueName\":\"search_term_string\"}}],\"inLanguage\":\"it-IT\"}]}<\/script>\n<!-- \/ Yoast SEO plugin. -->","yoast_head_json":{"title":"Golf Mania: Curiosit\u00e0, Notizie e Storie dal Green","description":"Scopri articoli, curiosit\u00e0 e news dal mondo del golf: aggiornamenti, storie incredibili e tutto ci\u00f2 che rende unico questo sport!","robots":{"index":"index","follow":"follow","max-snippet":"max-snippet:-1","max-image-preview":"max-image-preview:large","max-video-preview":"max-video-preview:-1"},"canonical":"https:\/\/www.rovedine.com\/devendra\/golf-news\/","og_locale":"it_IT","og_type":"article","og_title":"Golf Mania: Curiosit\u00e0, Notizie e Storie dal Green","og_description":"Scopri articoli, curiosit\u00e0 e news dal mondo del golf: aggiornamenti, storie incredibili e tutto ci\u00f2 che rende unico questo sport!","og_url":"https:\/\/www.rovedine.com\/devendra\/golf-news\/","og_site_name":"Rovedine","twitter_card":"summary_large_image","schema":{"@context":"https:\/\/schema.org","@graph":[{"@type":"WebPage","@id":"https:\/\/www.rovedine.com\/devendra\/golf-news\/","url":"https:\/\/www.rovedine.com\/devendra\/golf-news\/","name":"Golf Mania: Curiosit\u00e0, Notizie e Storie dal Green","isPartOf":{"@id":"https:\/\/www.rovedine.com\/devendra\/#website"},"datePublished":"2025-04-23T09:20:54+00:00","description":"Scopri articoli, curiosit\u00e0 e news dal mondo del golf: aggiornamenti, storie incredibili e tutto ci\u00f2 che rende unico questo sport!","breadcrumb":{"@id":"https:\/\/www.rovedine.com\/devendra\/golf-news\/#breadcrumb"},"inLanguage":"it-IT","potentialAction":[{"@type":"ReadAction","target":["https:\/\/www.rovedine.com\/devendra\/golf-news\/"]}]},{"@type":"BreadcrumbList","@id":"https:\/\/www.rovedine.com\/devendra\/golf-news\/#breadcrumb","itemListElement":[{"@type":"ListItem","position":1,"name":"Home","item":"https:\/\/www.rovedine.com\/devendra\/"},{"@type":"ListItem","position":2,"name":"Golf News"}]},{"@type":"WebSite","@id":"https:\/\/www.rovedine.com\/devendra\/#website","url":"https:\/\/www.rovedine.com\/devendra\/","name":"Rovedine","description":"Golf Club Milano - Your Passion, our Mission","potentialAction":[{"@type":"SearchAction","target":{"@type":"EntryPoint","urlTemplate":"https:\/\/www.rovedine.com\/devendra\/?s={search_term_string}"},"query-input":{"@type":"PropertyValueSpecification","valueRequired":true,"valueName":"search_term_string"}}],"inLanguage":"it-IT"}]}},"_links":{"self":[{"href":"https:\/\/www.rovedine.com\/devendra\/wp-json\/wp\/v2\/pages\/10298","targetHints":{"allow":["GET"]}}],"collection":[{"href":"https:\/\/www.rovedine.com\/devendra\/wp-json\/wp\/v2\/pages"}],"about":[{"href":"https:\/\/www.rovedine.com\/devendra\/wp-json\/wp\/v2\/types\/page"}],"author":[{"embeddable":true,"href":"https:\/\/www.rovedine.com\/devendra\/wp-json\/wp\/v2\/users\/12"}],"replies":[{"embeddable":true,"href":"https:\/\/www.rovedine.com\/devendra\/wp-json\/wp\/v2\/comments?post=10298"}],"version-history":[{"count":1,"href":"https:\/\/www.rovedine.com\/devendra\/wp-json\/wp\/v2\/pages\/10298\/revisions"}],"predecessor-version":[{"id":10299,"href":"https:\/\/www.rovedine.com\/devendra\/wp-json\/wp\/v2\/pages\/10298\/revisions\/10299"}],"wp:attachment":[{"href":"https:\/\/www.rovedine.com\/devendra\/wp-json\/wp\/v2\/media?parent=10298"}],"wp:term":[{"taxonomy":"category","embeddable":true,"href":"https:\/\/www.rovedine.com\/devendra\/wp-json\/wp\/v2\/categories?post=10298"}],"curies":[{"name":"wp","href":"https:\/\/api.w.org\/{rel}","templated":true}]}}